{"id":72,"date":"2019-05-17T06:03:51","date_gmt":"2019-05-17T06:03:51","guid":{"rendered":"http:\/\/localhost\/best-hotel-pro\/?page_id=72"},"modified":"2024-04-22T17:26:53","modified_gmt":"2024-04-22T17:26:53","slug":"zimmer","status":"publish","type":"page","link":"https:\/\/villa-malibu.com\/en\/zimmer\/","title":{"rendered":"Rooms"},"content":{"rendered":"<div data-elementor-type=\"wp-post\" data-elementor-id=\"72\" class=\"elementor elementor-72\">\n\t\t\t\t\t\t<section class=\"elementor-section elementor-top-section elementor-element elementor-element-7d85c45 elementor-section-boxed elementor-section-height-default elementor-section-height-default\" data-id=\"7d85c45\" data-element_type=\"section\">\n\t\t\t\t\t\t<div class=\"elementor-container elementor-column-gap-default\">\n\t\t\t\t\t<div class=\"elementor-column elementor-col-100 elementor-top-column elementor-element elementor-element-59da102\" data-id=\"59da102\" data-element_type=\"column\" data-settings=\"{&quot;background_background&quot;:&quot;classic&quot;}\">\n\t\t\t<div class=\"elementor-widget-wrap elementor-element-populated\">\n\t\t\t\t\t\t<div class=\"elementor-element elementor-element-42ead0c elementor-widget elementor-widget-image\" data-id=\"42ead0c\" data-element_type=\"widget\" data-widget_type=\"image.default\">\n\t\t\t\t<div class=\"elementor-widget-container\">\n\t\t\t\t\t\t\t\t\t\t\t\t\t<img decoding=\"async\" src=\"https:\/\/villa-malibu.com\/wp-content\/uploads\/elementor\/thumbs\/Zimmer_02-p1istyet3sg3pmmg6ga31uf1rj3nqh90lcli6m7ezk.jpg\" title=\"Zimmer_02\" alt=\"Zimmer_02\" loading=\"lazy\" \/>\t\t\t\t\t\t\t\t\t\t\t\t\t<\/div>\n\t\t\t\t<\/div>\n\t\t\t\t\t<\/div>\n\t\t<\/div>\n\t\t\t\t\t<\/div>\n\t\t<\/section>\n\t\t\t\t<section class=\"elementor-section elementor-top-section elementor-element elementor-element-48d2eb0 elementor-section-boxed elementor-section-height-default elementor-section-height-default\" data-id=\"48d2eb0\" data-element_type=\"section\">\n\t\t\t\t\t\t<div class=\"elementor-container elementor-column-gap-default\">\n\t\t\t\t\t<div class=\"elementor-column elementor-col-100 elementor-top-column elementor-element elementor-element-860f58e\" data-id=\"860f58e\" data-element_type=\"column\" data-settings=\"{&quot;background_background&quot;:&quot;classic&quot;}\">\n\t\t\t<div class=\"elementor-widget-wrap elementor-element-populated\">\n\t\t\t\t\t\t<div class=\"elementor-element elementor-element-7457f81 elementor-widget elementor-widget-heading\" data-id=\"7457f81\" data-element_type=\"widget\" data-widget_type=\"heading.default\">\n\t\t\t\t<div class=\"elementor-widget-container\">\n\t\t\t<h1 class=\"elementor-heading-title elementor-size-default\">Living on the edge of the rice fields<\/h1>\t\t<\/div>\n\t\t\t\t<\/div>\n\t\t\t\t<div class=\"elementor-element elementor-element-063ed93 elementor-widget elementor-widget-text-editor\" data-id=\"063ed93\" data-element_type=\"widget\" data-widget_type=\"text-editor.default\">\n\t\t\t\t<div class=\"elementor-widget-container\">\n\t\t\t\t\t\t\t<p><span style=\"font-family: helvetica;\">The house is divided into two halves: the Afonso family home and the part where the guest rooms are located. The roof terrace is accessible to all with a view of rice fields to the west, ideal for the \u201cblue hour\u201d and sunset.<\/span><\/p><p><span style=\"font-family: helvetica;\">There are 3 guest rooms on the mezzanine floor and 3 guest rooms on the upper floor, each with a large double bed or 2 single beds. All rooms are equipped with fans and a private bathroom with toilet and shower. An extra bed can be organized upon request.<\/span><\/p><p><span style=\"font-family: helvetica;\">Bettw\u00e4sche und Handt\u00fccher sind vorhanden. In Indien mu\u00df mit gelegentlichem Stromausfall  gerechnet werden, so dass sich die Mitnahme einer kleinen Taschenlampe empfiehlt.\nBed linen and towels are provided. In India, occasional power outages are to be expected, so it is advisable to take a small flashlight with you.<\/span><\/p><p><span style=\"font-family: helvetica;\">If you wish, we can prepare breakfast for you in our garden. In the village there are several restaurants with international and local dishes. For a snack in between, we recommend our beach shacks Malibu and Pescador directly on the extensive beach. We also serve fresh fish dishes and original Goan dishes there.<\/span><\/p><p><span style=\"font-family: helvetica;\"><strong>Prices: Room INR 2,000 <span class=\"TextRun BCX9 SCXW98090830\" lang=\"DE-DE\" xml:lang=\"DE-DE\" data-contrast=\"none\"><span class=\"NormalTextRun BCX9 SCXW98090830\">|<\/span><\/span>\u00a0per night <span class=\"TextRun BCX9 SCXW98090830\" lang=\"DE-DE\" xml:lang=\"DE-DE\" data-contrast=\"none\"><span class=\"NormalTextRun BCX9 SCXW98090830\">|<\/span><\/span><span class=\"EOP BCX9 SCXW98090830\" data-ccp-props=\"{\">\u00a0<a href=\"mailto:contact@villa-malibu.com\">Booking by email<\/a><\/span><\/strong><\/span><\/p><p><span style=\"font-family: helvetica;\">Breakfast by arrangement<\/span><\/p>\t\t\t\t\t\t<\/div>\n\t\t\t\t<\/div>\n\t\t\t\t\t<\/div>\n\t\t<\/div>\n\t\t\t\t\t<\/div>\n\t\t<\/section>\n\t\t\t\t<section class=\"elementor-section elementor-top-section elementor-element elementor-element-38d3f34 elementor-section-boxed elementor-section-height-default elementor-section-height-default\" data-id=\"38d3f34\" data-element_type=\"section\">\n\t\t\t\t\t\t<div class=\"elementor-container elementor-column-gap-default\">\n\t\t\t\t\t<div class=\"elementor-column elementor-col-100 elementor-top-column elementor-element elementor-element-61c519f\" data-id=\"61c519f\" data-element_type=\"column\" data-settings=\"{&quot;background_background&quot;:&quot;classic&quot;}\">\n\t\t\t<div class=\"elementor-widget-wrap elementor-element-populated\">\n\t\t\t\t\t\t<div class=\"elementor-element elementor-element-5af1c25 elementor-widget elementor-widget-heading\" data-id=\"5af1c25\" data-element_type=\"widget\" data-widget_type=\"heading.default\">\n\t\t\t\t<div class=\"elementor-widget-container\">\n\t\t\t<h1 class=\"elementor-heading-title elementor-size-default\">Gallery<\/h1>\t\t<\/div>\n\t\t\t\t<\/div>\n\t\t\t\t<div class=\"elementor-element elementor-element-1559179 gallery-spacing-custom elementor-widget elementor-widget-image-gallery\" data-id=\"1559179\" data-element_type=\"widget\" data-widget_type=\"image-gallery.default\">\n\t\t\t\t<div class=\"elementor-widget-container\">\n\t\t\t\t\t<div class=\"elementor-image-gallery\">\n\t\t\t\t\t<\/div>\n\t\t\t\t<\/div>\n\t\t\t\t<\/div>\n\t\t\t\t\t<\/div>\n\t\t<\/div>\n\t\t\t\t\t<\/div>\n\t\t<\/section>\n\t\t\t\t<\/div>","protected":false},"excerpt":{"rendered":"<p>Wohnen am Rande der Reisfelder Das Haus ist in zwei Geb\u00e4udeh\u00e4lften aufgeteilt: das Wohnhaus der Familie Afonso und der Teil, in dem\u00a0die G\u00e4stezimmer untergebracht sind. Die Dachterrasse befindet sich f\u00fcr alle zug\u00e4nglich mit Blick auf\u00a0Reisfelder Richtung Westen, bestens f\u00fcr die <a href=\"https:\/\/villa-malibu.com\/en\/zimmer\/\" class=\"more-link\">Read More<\/a><\/p>","protected":false},"author":1,"featured_media":0,"parent":0,"menu_order":0,"comment_status":"closed","ping_status":"closed","template":"elementor_header_footer","meta":{"footnotes":""},"_links":{"self":[{"href":"https:\/\/villa-malibu.com\/en\/wp-json\/wp\/v2\/pages\/72"}],"collection":[{"href":"https:\/\/villa-malibu.com\/en\/wp-json\/wp\/v2\/pages"}],"about":[{"href":"https:\/\/villa-malibu.com\/en\/wp-json\/wp\/v2\/types\/page"}],"author":[{"embeddable":true,"href":"https:\/\/villa-malibu.com\/en\/wp-json\/wp\/v2\/users\/1"}],"replies":[{"embeddable":true,"href":"https:\/\/villa-malibu.com\/en\/wp-json\/wp\/v2\/comments?post=72"}],"version-history":[{"count":0,"href":"https:\/\/villa-malibu.com\/en\/wp-json\/wp\/v2\/pages\/72\/revisions"}],"wp:attachment":[{"href":"https:\/\/villa-malibu.com\/en\/wp-json\/wp\/v2\/media?parent=72"}],"curies":[{"name":"wp","href":"https:\/\/api.w.org\/{rel}","templated":true}]}}