{"id":725,"date":"2021-01-18T16:16:26","date_gmt":"2021-01-18T16:16:26","guid":{"rendered":"http:\/\/ahoi.villa-malibu.com\/?page_id=725"},"modified":"2024-04-22T17:28:19","modified_gmt":"2024-04-22T17:28:19","slug":"cabana","status":"publish","type":"page","link":"https:\/\/villa-malibu.com\/en\/cabana\/","title":{"rendered":"Cabana"},"content":{"rendered":"<div data-elementor-type=\"wp-post\" data-elementor-id=\"725\" class=\"elementor elementor-725\">\n\t\t\t\t\t\t<section class=\"elementor-section elementor-top-section elementor-element elementor-element-7d85c45 elementor-section-boxed elementor-section-height-default elementor-section-height-default\" data-id=\"7d85c45\" data-element_type=\"section\">\n\t\t\t\t\t\t<div class=\"elementor-container elementor-column-gap-default\">\n\t\t\t\t\t<div class=\"elementor-column elementor-col-100 elementor-top-column elementor-element elementor-element-59da102\" data-id=\"59da102\" data-element_type=\"column\" data-settings=\"{&quot;background_background&quot;:&quot;classic&quot;}\">\n\t\t\t<div class=\"elementor-widget-wrap elementor-element-populated\">\n\t\t\t\t\t\t<div class=\"elementor-element elementor-element-42ead0c elementor-widget elementor-widget-image\" data-id=\"42ead0c\" data-element_type=\"widget\" data-widget_type=\"image.default\">\n\t\t\t\t<div class=\"elementor-widget-container\">\n\t\t\t\t\t\t\t\t\t\t\t\t\t<img decoding=\"async\" src=\"https:\/\/villa-malibu.com\/wp-content\/uploads\/elementor\/thumbs\/Cabana_Titel_600x400-p1kefsptptdp1o93edqrs0nkaveddt9bdwwiv9asv4.jpg\" title=\"Cabana_Titel_600x400\" alt=\"Cabana_Titel_600x400\" loading=\"lazy\" \/>\t\t\t\t\t\t\t\t\t\t\t\t\t<\/div>\n\t\t\t\t<\/div>\n\t\t\t\t\t<\/div>\n\t\t<\/div>\n\t\t\t\t\t<\/div>\n\t\t<\/section>\n\t\t\t\t<section class=\"elementor-section elementor-top-section elementor-element elementor-element-48d2eb0 elementor-section-boxed elementor-section-height-default elementor-section-height-default\" data-id=\"48d2eb0\" data-element_type=\"section\">\n\t\t\t\t\t\t<div class=\"elementor-container elementor-column-gap-default\">\n\t\t\t\t\t<div class=\"elementor-column elementor-col-100 elementor-top-column elementor-element elementor-element-860f58e\" data-id=\"860f58e\" data-element_type=\"column\" data-settings=\"{&quot;background_background&quot;:&quot;classic&quot;}\">\n\t\t\t<div class=\"elementor-widget-wrap elementor-element-populated\">\n\t\t\t\t\t\t<div class=\"elementor-element elementor-element-7457f81 elementor-widget elementor-widget-heading\" data-id=\"7457f81\" data-element_type=\"widget\" data-widget_type=\"heading.default\">\n\t\t\t\t<div class=\"elementor-widget-container\">\n\t\t\t<h1 class=\"elementor-heading-title elementor-size-default\">Our Cabana<\/h1>\t\t<\/div>\n\t\t\t\t<\/div>\n\t\t\t\t<div class=\"elementor-element elementor-element-063ed93 elementor-widget elementor-widget-text-editor\" data-id=\"063ed93\" data-element_type=\"widget\" data-widget_type=\"text-editor.default\">\n\t\t\t\t<div class=\"elementor-widget-container\">\n\t\t\t\t\t\t\t<p><span style=\"font-family: helvetica;\">Our cabana is a small luxury bungalow, located separately in the palm garden. It is a 35 m\u00b2 room with a double bed, adjoining spacious shower room and a spacious terrace. The standard of equipment corresponds to a 4 star hotel room and has air conditioning and a refrigerator as well as comfortable seating inside and outside.<\/span><\/p><p><span style=\"font-family: helvetica;\">The wooden floor in the cabana gives a pleasant barefoot feeling. The floor-to-ceiling sliding windows are equipped with insect screens and offer both privacy and the necessary darkening options through external blind doors.\u00a0<\/span><\/p><p><span style=\"font-family: helvetica;\">With a view of the rice field directly in front of the terrace and the adjacent landscape, you can enjoy the silence of Goa's surrounding idyllic nature, not only during the day. You can also observe birds of paradise and kingfishers or the white buffalo herons undisturbed. At sunset, the deck chairs on the outdoor terrace offer an ideal place to end the day comfortably with a glass of beer or wine.<\/span><\/p><p><span style=\"font-family: helvetica;\"><strong>Prices:\u00a0<\/strong><strong>Cabana from NR 3.500 <span class=\"TextRun BCX9 SCXW98090830\" lang=\"DE-DE\" xml:lang=\"DE-DE\" data-contrast=\"none\"><span class=\"NormalTextRun BCX9 SCXW98090830\">|<\/span><\/span>\u00a0per night <span class=\"TextRun BCX9 SCXW98090830\" lang=\"DE-DE\" xml:lang=\"DE-DE\" data-contrast=\"none\"><span class=\"NormalTextRun BCX9 SCXW98090830\">|<\/span><\/span><span class=\"EOP BCX9 SCXW98090830\" data-ccp-props=\"{\">\u00a0<a href=\"mailto:contact@villa-malibu.com\">Booking by email<\/a><\/span><\/strong><\/span><\/p><p><span style=\"font-family: helvetica;\">Breakfast  by arrangement<\/span><\/p>\t\t\t\t\t\t<\/div>\n\t\t\t\t<\/div>\n\t\t\t\t\t<\/div>\n\t\t<\/div>\n\t\t\t\t\t<\/div>\n\t\t<\/section>\n\t\t\t\t<section class=\"elementor-section elementor-top-section elementor-element elementor-element-38d3f34 elementor-section-boxed elementor-section-height-default elementor-section-height-default\" data-id=\"38d3f34\" data-element_type=\"section\">\n\t\t\t\t\t\t<div class=\"elementor-container elementor-column-gap-default\">\n\t\t\t\t\t<div class=\"elementor-column elementor-col-100 elementor-top-column elementor-element elementor-element-61c519f\" data-id=\"61c519f\" data-element_type=\"column\" data-settings=\"{&quot;background_background&quot;:&quot;classic&quot;}\">\n\t\t\t<div class=\"elementor-widget-wrap elementor-element-populated\">\n\t\t\t\t\t\t<div class=\"elementor-element elementor-element-5af1c25 elementor-widget elementor-widget-heading\" data-id=\"5af1c25\" data-element_type=\"widget\" data-widget_type=\"heading.default\">\n\t\t\t\t<div class=\"elementor-widget-container\">\n\t\t\t<h1 class=\"elementor-heading-title elementor-size-default\">Gallery<\/h1>\t\t<\/div>\n\t\t\t\t<\/div>\n\t\t\t\t<div class=\"elementor-element elementor-element-1559179 gallery-spacing-custom elementor-widget elementor-widget-image-gallery\" data-id=\"1559179\" data-element_type=\"widget\" data-widget_type=\"image-gallery.default\">\n\t\t\t\t<div class=\"elementor-widget-container\">\n\t\t\t\t\t<div class=\"elementor-image-gallery\">\n\t\t\t\t\t<\/div>\n\t\t\t\t<\/div>\n\t\t\t\t<\/div>\n\t\t\t\t\t<\/div>\n\t\t<\/div>\n\t\t\t\t\t<\/div>\n\t\t<\/section>\n\t\t\t\t<\/div>","protected":false},"excerpt":{"rendered":"<p>Unsere Cabana Unsere Cabana ist ein kleiner Luxusbungalow, separat im Palmengarten gelegen. Es handelt sich um ein 35 m\u00b2 grosses Zimmer mit Doppelbett, angrenzendem grossz\u00fcgigen Duschbad sowie einer ger\u00e4umigen Terrasse. Der Ausstattungsstandard entspricht einem 4 Sterne Hotelzimmer und verf\u00fcgt \u00fcber <a href=\"https:\/\/villa-malibu.com\/en\/cabana\/\" class=\"more-link\">Read More<\/a><\/p>","protected":false},"author":1,"featured_media":0,"parent":0,"menu_order":0,"comment_status":"closed","ping_status":"closed","template":"elementor_header_footer","meta":{"footnotes":""},"_links":{"self":[{"href":"https:\/\/villa-malibu.com\/en\/wp-json\/wp\/v2\/pages\/725"}],"collection":[{"href":"https:\/\/villa-malibu.com\/en\/wp-json\/wp\/v2\/pages"}],"about":[{"href":"https:\/\/villa-malibu.com\/en\/wp-json\/wp\/v2\/types\/page"}],"author":[{"embeddable":true,"href":"https:\/\/villa-malibu.com\/en\/wp-json\/wp\/v2\/users\/1"}],"replies":[{"embeddable":true,"href":"https:\/\/villa-malibu.com\/en\/wp-json\/wp\/v2\/comments?post=725"}],"version-history":[{"count":0,"href":"https:\/\/villa-malibu.com\/en\/wp-json\/wp\/v2\/pages\/725\/revisions"}],"wp:attachment":[{"href":"https:\/\/villa-malibu.com\/en\/wp-json\/wp\/v2\/media?parent=725"}],"curies":[{"name":"wp","href":"https:\/\/api.w.org\/{rel}","templated":true}]}}